{"id":129,"date":"2019-03-20T04:12:33","date_gmt":"2019-03-20T04:12:33","guid":{"rendered":"https:\/\/goya.everthemes.com\/demo-fashion\/?page_id=129"},"modified":"2021-04-29T20:29:34","modified_gmt":"2021-04-29T20:29:34","slug":"servicios","status":"publish","type":"page","link":"https:\/\/ndajeans.com\/index.php\/servicios\/","title":{"rendered":"Servicios"},"content":{"rendered":"[vc_row et_full_width=&#8221;true&#8221; et_row_padding=&#8221;true&#8221; full_height=&#8221;yes&#8221; columns_placement=&#8221;stretch&#8221; equal_height=&#8221;yes&#8221; content_placement=&#8221;middle&#8221; css=&#8221;.vc_custom_1579973351197{padding-top: 80px !important;padding-bottom: 80px !important;background: #f4f4f4 url(https:\/\/goyacdn.everthemes.com\/assets\/demo\/content\/uploads\/sites\/3\/2020\/01\/banner-cashmere.jpg?id=3923) !important;background-position: center !important;background-repeat: no-repeat !important;background-size: cover !important;}&#8221; el_class=&#8221;video-bg-row&#8221;][vc_column][vc_row_inner et_max_width=&#8221;&#8221; equal_height=&#8221;yes&#8221; content_placement=&#8221;middle&#8221; css=&#8221;.vc_custom_1562734895463{background-position: center !important;background-repeat: no-repeat !important;background-size: cover !important;}&#8221;][vc_column_inner width=&#8221;1\/2&#8243; css=&#8221;.vc_custom_1562725835995{padding-top: 20% !important;padding-right: 20% !important;padding-bottom: 20% !important;padding-left: 20% !important;}&#8221;][vc_column_text animation=&#8221;animation bottom-to-top&#8221; css=&#8221;.vc_custom_1619728032881{margin-top: 30px !important;}&#8221;]\n<h1 style=\"text-align: left;\">Nuestros servicios<\/h1>\n<p><strong>Molder\u00eda, tejido, corte, confecci\u00f3n, lavado y terminaci\u00f3n<\/strong><\/p>\n<blockquote>\n<p style=\"text-align: left;\">&#8220;Somos una empresa dedicada a la fabricaci\u00f3n de indumentaria de moda. Contando con una vasta trayectoria en las \u00e1reas de producci\u00f3n y comercializaci\u00f3n, que avala nuestra gesti\u00f3n.&#8221;<\/p>\n<\/blockquote>\n[\/vc_column_text][\/vc_column_inner][\/vc_row_inner][\/vc_column][\/vc_row][vc_row et_full_width=&#8221;true&#8221; et_row_padding=&#8221;true&#8221; css=&#8221;.vc_custom_1588128835660{padding-top: 60px !important;padding-bottom: 60px !important;}&#8221;][vc_column][vc_row_inner content_placement=&#8221;middle&#8221; el_class=&#8221;align-center&#8221;][vc_column_inner animation=&#8221;animation left-to-right&#8221; offset=&#8221;vc_col-md-7&#8243;]\n\t<div id=\"et-video-lightbox-69e2196ed4491\" class=\"et-lightbox et-video-lightbox mfp-video lightbox-image icon-pulse icon-color-  medium animation bottom-to-top\" data-mfp-type=\"iframe\" data-mfp-src=\"https:\/\/www.youtube.com\/watch?v=GPOvl-YI6v4\" >\n\t\t\t\t\t\n\t\t\t<img src=\"https:\/\/ndajeans.com\/wp-content\/uploads\/2021\/03\/nda-interjeans-jeans2.png\" alt=\"nda-interjeans-jeans2\" \/>\n\t\t\t\t\n\t\t<div class=\"et-video-icon\">\n\t\t\t<svg xmlns=\"http:\/\/www.w3.org\/2000\/svg\" width=\"24\" height=\"24\" viewBox=\"0 0 24 24\" fill=\"none\" stroke=\"currentColor\" stroke-width=\"2\" stroke-linecap=\"round\" stroke-linejoin=\"round\" class=\"feather feather-play\"><polygon points=\"5 3 19 12 5 21 5 3\"><\/polygon><\/svg>\t\t<\/div>\n\n\t\t\t<\/div>\n\t[\/vc_column_inner][vc_column_inner animation=&#8221;animation right-to-left&#8221; offset=&#8221;vc_col-md-5&#8243; css=&#8221;.vc_custom_1578532669392{padding-top: 40px !important;}&#8221;][vc_column_text]\n<h5 class=\"fancy-title\">Nuestra historia<\/h5>\n<h2>Mejorando los est\u00e1ndares, a\u00f1o tras a\u00f1o.<\/h2>\n<p>Cada experiencia nos permite evolucionar y perfeccionar nuestros procesos hacia la b\u00fasqueda de la excelencia y la satisfacci\u00f3n.[\/vc_column_text]\n\t<div id=\"et-counter-69e2196ed53fc\" class=\"et-counter animation bottom-to-top counter-color-dark icon-color- text-color- counter-left\" >\n\t\t\t\t\t<div class=\"counter-container\">\n\t\t\t\t\t\t\t\t\t<div class=\"h1\" data-count=\"2589384\" data-speed=\"9000\">0<\/div>\n\t\t\t\t\t\t\t\t\t\t\t<\/div>\n\t\t\t\t\t\t\t<div class=\"description\"><p>Prendas y art\u00edclos producidos.<\/p><\/div>\n\t\t\t\t\t\t\t\t\t\t\n\t<\/div>\n\t[\/vc_column_inner][\/vc_row_inner][\/vc_column][\/vc_row][vc_row et_full_width=&#8221;true&#8221; et_row_padding=&#8221;true&#8221; css=&#8221;.vc_custom_1588129008197{padding-top: 80px !important;padding-bottom: 45px !important;background-color: #f2f2f2 !important;}&#8221;][vc_column][vc_row_inner et_column_align=&#8221;align-center&#8221; equal_height=&#8221;yes&#8221; el_class=&#8221;align-center&#8221;][vc_column_inner animation=&#8221;animation bottom-to-top&#8221; offset=&#8221;vc_col-lg-5&#8243;][vc_column_text]\n<h5 class=\"fancy-title\" style=\"text-align: center;\">Est. 1978<\/h5>\n<h2 style=\"text-align: center;\">Nuestra historia<\/h2>\n[\/vc_column_text][\/vc_column_inner][\/vc_row_inner][vc_row_inner et_column_align=&#8221;align-center&#8221; equal_height=&#8221;yes&#8221; el_class=&#8221;align-center&#8221;][vc_column_inner animation=&#8221;animation bottom-to-top&#8221; offset=&#8221;vc_col-lg-4&#8243;][vc_column_text]Comenzamos en los 80\u00b4s con desarrollo de producto terminado bajo procesos manuales y personalizados. Evolucionamos ofreciendo a nuestros clientes la posibilidad de producir sus propias marcas. Pioneros en corte y confecci\u00f3n, incursionamos en el lavado y en la terminaci\u00f3n. A lo largo de los a\u00f1os nos equipamos con tecnolog\u00eda de punta, incorporamos metodolog\u00edas y procesos productivos y recursos humanos, nos capacitamos, perfeccionamos nuestro equipo y crecimos tanto en infraestructura como en calidad y producci\u00f3n. Acompa\u00f1amos el crecimiento de empresas y nos convertimos en sus alianzas.[\/vc_column_text][\/vc_column_inner][vc_column_inner animation=&#8221;animation bottom-to-top&#8221; offset=&#8221;vc_col-lg-4&#8243;][vc_column_text]Fuimos auditados por Levi\u00b4s, Falabella, Zara y por empresas internaciones de m\u00e1ximo renombre, tanto en procesos como en estructura, normas laborales, salud &amp; seguridad, medioambiente y \u00e9tica empresarial (SMETA). Incorporamos est\u00e1ndares de calidad y eficiencia orientados al cuidado del medioambiente y recursos.<\/p>\n<p>Hoy nos encontramos en la b\u00fasqueda de la excelencia bajo la incorporaci\u00f3n al programa <em>Empresa B<\/em> (<a href=\"https:\/\/www.sistemab.org\">www.sistemab.org<\/a>), midiendo el impacto socioambiental y mejorando nuestros procesos.[\/vc_column_text][\/vc_column_inner][\/vc_row_inner][\/vc_column][\/vc_row]\n","protected":false},"excerpt":{"rendered":"<p>[vc_row et_full_width=&#8221;true&#8221; et_row_padding=&#8221;true&#8221; full_height=&#8221;yes&#8221; columns_placement=&#8221;stretch&#8221; equal_height=&#8221;yes&#8221; content_placement=&#8221;middle&#8221; css=&#8221;.vc_custom_1579973351197{padding-top: 80px !important;padding-bottom: 80px !important;background: #f4f4f4 url(https:\/\/goyacdn.everthemes.com\/assets\/demo\/content\/uploads\/sites\/3\/2020\/01\/banner-cashmere.jpg?id=3923) !important;background-position: center !important;background-repeat: no-repeat !important;background-size: cover !important;}&#8221; el_class=&#8221;video-bg-row&#8221;][vc_column][vc_row_inner et_max_width=&#8221;&#8221; equal_height=&#8221;yes&#8221; content_placement=&#8221;middle&#8221; css=&#8221;.vc_custom_1562734895463{background-position: center !important;background-repeat: no-repeat !important;background-size: cover !important;}&#8221;][vc_column_inner width=&#8221;1\/2&#8243; css=&#8221;.vc_custom_1562725835995{padding-top: 20% !important;padding-right: 20% !important;padding-bottom: 20% !important;padding-left: 20% !important;}&#8221;][vc_column_text animation=&#8221;animation bottom-to-top&#8221; css=&#8221;.vc_custom_1619728032881{margin-top: 30px !important;}&#8221;] Nuestros servicios Molder\u00eda,&hellip;<\/p>\n","protected":false},"author":1,"featured_media":0,"parent":0,"menu_order":0,"comment_status":"closed","ping_status":"closed","template":"","meta":[],"_links":{"self":[{"href":"https:\/\/ndajeans.com\/index.php\/wp-json\/wp\/v2\/pages\/129"}],"collection":[{"href":"https:\/\/ndajeans.com\/index.php\/wp-json\/wp\/v2\/pages"}],"about":[{"href":"https:\/\/ndajeans.com\/index.php\/wp-json\/wp\/v2\/types\/page"}],"author":[{"embeddable":true,"href":"https:\/\/ndajeans.com\/index.php\/wp-json\/wp\/v2\/users\/1"}],"replies":[{"embeddable":true,"href":"https:\/\/ndajeans.com\/index.php\/wp-json\/wp\/v2\/comments?post=129"}],"version-history":[{"count":20,"href":"https:\/\/ndajeans.com\/index.php\/wp-json\/wp\/v2\/pages\/129\/revisions"}],"predecessor-version":[{"id":4145,"href":"https:\/\/ndajeans.com\/index.php\/wp-json\/wp\/v2\/pages\/129\/revisions\/4145"}],"wp:attachment":[{"href":"https:\/\/ndajeans.com\/index.php\/wp-json\/wp\/v2\/media?parent=129"}],"curies":[{"name":"wp","href":"https:\/\/api.w.org\/{rel}","templated":true}]}}