{"id":4205,"date":"2021-04-28T21:07:44","date_gmt":"2021-04-28T21:07:44","guid":{"rendered":"http:\/\/ndajeans.com\/?page_id=4205"},"modified":"2021-04-28T21:07:44","modified_gmt":"2021-04-28T21:07:44","slug":"servicios-2","status":"publish","type":"page","link":"https:\/\/ndajeans.com\/index.php\/servicios-2\/","title":{"rendered":"Servicios 2"},"content":{"rendered":"[vc_row et_full_width=&#8221;true&#8221; et_row_padding=&#8221;true&#8221; full_height=&#8221;yes&#8221; columns_placement=&#8221;stretch&#8221; equal_height=&#8221;yes&#8221; content_placement=&#8221;middle&#8221; css=&#8221;.vc_custom_1579973351197{padding-top: 80px !important;padding-bottom: 80px !important;background: #f4f4f4 url(https:\/\/goyacdn.everthemes.com\/assets\/demo\/content\/uploads\/sites\/3\/2020\/01\/banner-cashmere.jpg?id=3923) !important;background-position: center !important;background-repeat: no-repeat !important;background-size: cover !important;}&#8221; el_class=&#8221;video-bg-row&#8221;][vc_column][vc_row_inner et_max_width=&#8221;&#8221; equal_height=&#8221;yes&#8221; content_placement=&#8221;middle&#8221; css=&#8221;.vc_custom_1562734895463{background-position: center !important;background-repeat: no-repeat !important;background-size: cover !important;}&#8221;][vc_column_inner width=&#8221;1\/2&#8243; css=&#8221;.vc_custom_1562725835995{padding-top: 20% !important;padding-right: 20% !important;padding-bottom: 20% !important;padding-left: 20% !important;}&#8221;][vc_column_text animation=&#8221;animation bottom-to-top&#8221; css=&#8221;.vc_custom_1618850107968{margin-top: 30px !important;}&#8221;]\n<h1 style=\"text-align: left;\">Nuestros servicios<\/h1>\n<p><strong>Molder\u00eda, tejido, corte, confecci\u00f3n, lavado y terminaci\u00f3n<\/strong><\/p>\n<blockquote>\n<p style=\"text-align: left;\">&#8220;Somos una empresa dedicada a la fabricaci\u00f3n de indumentaria de moda. Contando con una basta trayectoria en las \u00e1reas de producci\u00f3n y comercializaci\u00f3n, que avala nuestra gesti\u00f3n.&#8221;<\/p>\n<\/blockquote>\n[\/vc_column_text][\/vc_column_inner][\/vc_row_inner][\/vc_column][\/vc_row][vc_row et_full_width=&#8221;true&#8221; et_row_padding=&#8221;true&#8221; css=&#8221;.vc_custom_1588128835660{padding-top: 60px !important;padding-bottom: 60px !important;}&#8221;][vc_column][vc_row_inner content_placement=&#8221;middle&#8221; el_class=&#8221;align-center&#8221;][vc_column_inner animation=&#8221;animation left-to-right&#8221; offset=&#8221;vc_col-md-7&#8243;]\n\t<div id=\"et-video-lightbox-6a06ceb076ebb\" class=\"et-lightbox et-video-lightbox mfp-video lightbox-image icon-pulse icon-color-  medium animation bottom-to-top\" data-mfp-type=\"iframe\" data-mfp-src=\"https:\/\/www.youtube.com\/watch?v=GPOvl-YI6v4\" >\n\t\t\t\t\t\n\t\t\t<img src=\"https:\/\/ndajeans.com\/wp-content\/uploads\/2021\/03\/nda-interjeans-jeans2.png\" alt=\"nda-interjeans-jeans2\" \/>\n\t\t\t\t\n\t\t<div class=\"et-video-icon\">\n\t\t\t<svg xmlns=\"http:\/\/www.w3.org\/2000\/svg\" width=\"24\" height=\"24\" viewBox=\"0 0 24 24\" fill=\"none\" stroke=\"currentColor\" stroke-width=\"2\" stroke-linecap=\"round\" stroke-linejoin=\"round\" class=\"feather feather-play\"><polygon points=\"5 3 19 12 5 21 5 3\"><\/polygon><\/svg>\t\t<\/div>\n\n\t\t\t<\/div>\n\t[\/vc_column_inner][vc_column_inner animation=&#8221;animation right-to-left&#8221; offset=&#8221;vc_col-md-5&#8243; css=&#8221;.vc_custom_1578532669392{padding-top: 40px !important;}&#8221;][vc_column_text]\n<h5 class=\"fancy-title\">Nuestra historia<\/h5>\n<h2>Mejorando los est\u00e1ndares, a\u00f1o tras a\u00f1o.<\/h2>\n<p>Cada experiencia nos permite evolucionar y perfeccionar nuestros procesos hacia la b\u00fasqueda de la excelencia y la satisfacci\u00f3n.[\/vc_column_text]\n\t<div id=\"et-counter-6a06ceb07776b\" class=\"et-counter animation bottom-to-top counter-color-dark icon-color- text-color- counter-left\" >\n\t\t\t\t\t<div class=\"counter-container\">\n\t\t\t\t\t\t\t\t\t<div class=\"h1\" data-count=\"2589384\" data-speed=\"9000\">0<\/div>\n\t\t\t\t\t\t\t\t\t\t\t<\/div>\n\t\t\t\t\t\t\t<div class=\"description\"><p>Prendas y art\u00edclos producidos.<\/p><\/div>\n\t\t\t\t\t\t\t\t\t\t\n\t<\/div>\n\t[\/vc_column_inner][\/vc_row_inner][\/vc_column][\/vc_row][vc_row et_full_width=&#8221;true&#8221; et_row_padding=&#8221;true&#8221; css=&#8221;.vc_custom_1588129008197{padding-top: 80px !important;padding-bottom: 45px !important;background-color: #f2f2f2 !important;}&#8221;][vc_column][vc_row_inner et_column_align=&#8221;align-center&#8221; equal_height=&#8221;yes&#8221; el_class=&#8221;align-center&#8221;][vc_column_inner animation=&#8221;animation bottom-to-top&#8221; offset=&#8221;vc_col-lg-5&#8243;][vc_column_text]\n<h5 class=\"fancy-title\" style=\"text-align: center;\">Est. 1978<\/h5>\n<h2 style=\"text-align: center;\">Nuestra historia<\/h2>\n[\/vc_column_text][\/vc_column_inner][\/vc_row_inner][vc_row_inner et_column_align=&#8221;align-center&#8221; equal_height=&#8221;yes&#8221; el_class=&#8221;align-center&#8221;][vc_column_inner animation=&#8221;animation bottom-to-top&#8221; offset=&#8221;vc_col-lg-4&#8243;][vc_column_text]Comenzamos en los 80s con desarrollo de producto terminado bajo procesos manuales y personalizados. Evolucionamos ofreciendo a nuestros clientes la posibilidad de producir sus propias marcas. Pioneros en corte y confecci\u00f3n, incursionamos en el lavado y en la terminaci\u00f3n. A lo largo de los a\u00f1os nos equipamos con tecnolog\u00eda de punta, incorporamos metodolog\u00edas y procesos tanto productivos como en recursos humanos, nos capacitamos, perfeccionamos nuestro equipo y crecimos tanto en infraestructura como en calidad y producci\u00f3n. Acompa\u00f1amos el crecimiento de empresas y nos convertimos en sus alianzas.[\/vc_column_text][\/vc_column_inner][vc_column_inner animation=&#8221;animation bottom-to-top&#8221; offset=&#8221;vc_col-lg-4&#8243;][vc_column_text]Fuimos auditados por Levi\u00b4s, Falabella, Zara y por empresas internaciones de m\u00e1ximo renombre, tanto en procesos como en estructura, normas laborales, salud &amp; seguridad, medioambiente y \u00e9tica empresarial (SMETA). Incorporamos est\u00e1ndares de calidad y eficiencia orientados al cuidado del medioambiente y recursos.<\/p>\n<p>Hoy nos encontramos en la b\u00fasqueda de la excelencia bajo la incorporaci\u00f3n al programa <em>Empresa B<\/em> (<a href=\"https:\/\/www.sistemab.org\">www.sistemab.org<\/a>), midiendo el impacto socioambiental y mejorando nuestros procesos.[\/vc_column_text][\/vc_column_inner][\/vc_row_inner][\/vc_column][\/vc_row][vc_row et_full_width=&#8221;true&#8221; et_row_padding=&#8221;true&#8221; css=&#8221;.vc_custom_1588128887000{padding-top: 60px !important;padding-bottom: 60px !important;}&#8221;][vc_column][vc_row_inner content_placement=&#8221;middle&#8221; el_class=&#8221;align-center&#8221;][vc_column_inner el_class=&#8221;small-order-2 medium-order-1&#8243; animation=&#8221;animation left-to-right&#8221; offset=&#8221;vc_col-md-5&#8243; css=&#8221;.vc_custom_1578532746105{padding-top: 40px !important;}&#8221;][vc_column_text]\n<h5 class=\"fancy-title\">Our Future<\/h5>\n<h2>Growing Fast<\/h2>\n<p>Thundercats art party edison bulb authentic roof party taiyaki synth gluten-free squid tumeric retro iPhone etsy.[\/vc_column_text]\n\t<div id=\"et-counter-6a06ceb0777e8\" class=\"et-counter animation bottom-to-top counter-color-dark icon-color- text-color- counter-left\" >\n\t\t\t\t\t<div class=\"counter-container\">\n\t\t\t\t\t\t\t\t\t<div class=\"h1\" data-count=\"107\" data-speed=\"2000\">0<\/div>\n\t\t\t\t\t\t\t\t\t\t\t\t\t<h4>Offices<\/h4>\n\t\t\t\t\t\t\t<\/div>\n\t\t\t\t\t\t\t<div class=\"description\"><p>Regional offices around the world<\/p><\/div>\n\t\t\t\t\t\t\t\t\t\t\n\t<\/div>\n\t[\/vc_column_inner][vc_column_inner el_class=&#8221;small-order-1 medium-order-2&#8243; offset=&#8221;vc_col-md-7&#8243;]\t<div id=\"et-image-849\" class=\"et-image     et_image_link\">\n\t\t<div class=\"et-image-inner animation right-to-left\">\n\t\t\t\t\t\t\t<div class=\"et-image-thumb \">\n\t\t\t\t\t<img width=\"713\" height=\"1024\" src=\"https:\/\/ndajeans.com\/wp-content\/uploads\/2021\/03\/nda-interjeans-jeans4-713x1024.png\" class=\"attachment-large size-large\" alt=\"\" loading=\"lazy\" srcset=\"https:\/\/ndajeans.com\/wp-content\/uploads\/2021\/03\/nda-interjeans-jeans4-713x1024.png 713w, https:\/\/ndajeans.com\/wp-content\/uploads\/2021\/03\/nda-interjeans-jeans4-209x300.png 209w, https:\/\/ndajeans.com\/wp-content\/uploads\/2021\/03\/nda-interjeans-jeans4-768x1103.png 768w, https:\/\/ndajeans.com\/wp-content\/uploads\/2021\/03\/nda-interjeans-jeans4-104x150.png 104w, https:\/\/ndajeans.com\/wp-content\/uploads\/2021\/03\/nda-interjeans-jeans4-600x862.png 600w, https:\/\/ndajeans.com\/wp-content\/uploads\/2021\/03\/nda-interjeans-jeans4-900x1293.png 900w, https:\/\/ndajeans.com\/wp-content\/uploads\/2021\/03\/nda-interjeans-jeans4.png 1022w\" sizes=\"(max-width: 713px) 100vw, 713px\" \/>\t\t\t\t<\/div>\n\t\t\t\t\t\t\t\t\t\t\t<\/div>\n\t<\/div>\n  [\/vc_column_inner][\/vc_row_inner][\/vc_column][\/vc_row][vc_row et_full_width=&#8221;true&#8221; css=&#8221;.vc_custom_1579114943204{padding-top: 80px !important;padding-bottom: 60px !important;background-color: #f6f6f6 !important;}&#8221;][vc_column][vc_row_inner et_column_align=&#8221;align-center&#8221; css=&#8221;.vc_custom_1578532916555{margin-bottom: 25px !important;}&#8221;][vc_column_inner animation=&#8221;animation bottom-to-top&#8221; offset=&#8221;vc_col-lg-6&#8243;][vc_column_text]\n<h5 class=\"fancy-title\" style=\"text-align: center;\">Core Values<\/h5>\n<p style=\"text-align: center;\">Humblebrag gochujang pabst, master cleanse franzen vexillologist.<\/p>\n[\/vc_column_text][\/vc_column_inner][\/vc_row_inner][vc_row_inner et_column_align=&#8221;align-center&#8221;][vc_column_inner animation=&#8221;animation bottom-to-top&#8221; offset=&#8221;vc_col-lg-8&#8243;]\t<div id=\"et-icon-holder-116\" class=\"et-icon-holder row center-true lg-block-grid-3 md-block-grid-2 block-grid-1 \">\n\t\t\r\n\t<div id=\"et-iconbox-859\" class=\"et-iconbox layout-centered icon-style-simple bottom-spacing-none icon-color- text-color-  \"> \r\n\t\t<div class=\"et-icon-inner\">\r\n\t\t\t<figure class=\"et-feature-icon\">\r\n\t\t\t\t\t\t\t\t<span class=\"pe-7s-trash\"><\/span>\r\n\t\t\t\t\t\t\t<\/figure>\r\n\t\t\t<div class=\"et-feature-content\"> \r\n\t\t\t\t\t\t\t\t\t\t\t\t\t<h4 class=\"title\">Cruises &amp; Water Tours<\/h4>\r\n\t\t\t\t\t\t\t\t<div class=\"wpb_text_column\"><p>Sustainable direct trade paleo semiotics.<\/p>\n<\/div>\r\n\t\t\t\t\t\t\t<\/div>\r\n\t\t<\/div>\r\n\t<\/div>\r\n\r\n\t\r\n\t<div id=\"et-iconbox-474\" class=\"et-iconbox layout-centered icon-style-simple bottom-spacing-none icon-color- text-color-  \"> \r\n\t\t<div class=\"et-icon-inner\">\r\n\t\t\t<figure class=\"et-feature-icon\">\r\n\t\t\t\t\t\t\t\t<span class=\"pe-7s-signal\"><\/span>\r\n\t\t\t\t\t\t\t<\/figure>\r\n\t\t\t<div class=\"et-feature-content\"> \r\n\t\t\t\t\t\t\t\t\t\t\t\t\t<h4 class=\"title\">Night Life<\/h4>\r\n\t\t\t\t\t\t\t\t<div class=\"wpb_text_column\"><p>Master cleanse franzen a bird brooklyn.<\/p>\n<\/div>\r\n\t\t\t\t\t\t\t<\/div>\r\n\t\t<\/div>\r\n\t<\/div>\r\n\r\n\t\r\n\t<div id=\"et-iconbox-796\" class=\"et-iconbox layout-centered icon-style-simple bottom-spacing-none icon-color- text-color-  \"> \r\n\t\t<div class=\"et-icon-inner\">\r\n\t\t\t<figure class=\"et-feature-icon\">\r\n\t\t\t\t\t\t\t\t<span class=\"pe-7s-share\"><\/span>\r\n\t\t\t\t\t\t\t<\/figure>\r\n\t\t\t<div class=\"et-feature-content\"> \r\n\t\t\t\t\t\t\t\t\t\t\t\t\t<h4 class=\"title\">Hiking<\/h4>\r\n\t\t\t\t\t\t\t\t<div class=\"wpb_text_column\"><p>Gluten-free ramps iPhone etsy coffee.<\/p>\n<\/div>\r\n\t\t\t\t\t\t\t<\/div>\r\n\t\t<\/div>\r\n\t<\/div>\r\n\r\n\t\t<\/div>\n\t[\/vc_column_inner][\/vc_row_inner][\/vc_column][\/vc_row][vc_row css=&#8221;.vc_custom_1579114565104{padding-top: 60px !important;padding-bottom: 60px !important;}&#8221;][vc_column width=&#8221;1\/4&#8243;][vc_column_text animation=&#8221;animation left-to-right&#8221;]\n<h5 class=\"fancy-title\">Founders<\/h5>\n<h2>Key People<\/h2>\n<p>Yielding fowl their brought is own day place fruit creature our day lesser cant bring hath after.<\/p>\n<p>Divide there forth fruitful.[\/vc_column_text][\/vc_column][vc_column width=&#8221;1\/4&#8243;]  <div class=\"et-team-member animation bottom-to-top\">\n  \t<div class=\"et-team-member-image default\">\n\t  \t<figure style=\"background-image:url('https:\/\/ndajeans.com\/wp-content\/uploads\/2019\/04\/men-shirtgreen-a3-1024x1024.jpg')\">\n\t\t \t\t<div class=\"overlay\">\n\t\t\t\t\t<div class=\"et-member-social\">\n\t\t\t\t\t\t\t\t\t\t\t\t\t<a href=\"#\" class=\"facebook\" target=\"_blank\"><span class=\"et-icon et-facebook\"><\/span><\/a>\n\t\t\t\t\t\t\t\t\t\t\t\t\t\t\t\t\t\t\t<a href=\"#\" class=\"twitter\" target=\"_blank\"><span class=\"et-icon et-twitter\"><\/span><\/a>\n\t\t\t\t\t\t\t\t\t\t\t\t\t\t\t\t\t\t\t<a href=\"#\" class=\"pinterest\" target=\"_blank\"><span class=\"et-icon et-pinterest\"><\/span><\/a>\n\t\t\t\t\t\t\t\t\t\t\t\t\t\t\t\t\t\t\t<a href=\"#\" class=\"linkedin\" target=\"_blank\"><span class=\"et-icon et-linkedin\"><\/span><\/a>\n\t\t\t\t\t\t\t\t\t\t\t\t\t\t\t\t\t\t\t\t\t\t\t<\/div>\n\t\t\t\t<\/div>\n\t  \t<\/figure>\n\t\t<\/div>\n\t\t<div class=\"et-member-information\">\n\t\t\t\t\t\t\t<h5>Daniel Alonso<\/h5>\n\t\t\t\t  \t\t  \t\t<p>Developer<\/p>\n\t  \t  \t<\/div>\n\t<\/div>\n  [\/vc_column][vc_column width=&#8221;1\/4&#8243;]  <div class=\"et-team-member animation bottom-to-top\">\n  \t<div class=\"et-team-member-image default\">\n\t  \t<figure style=\"background-image:url('https:\/\/ndajeans.com\/wp-content\/uploads\/2019\/04\/men-shirtblue-a2-1024x1024.jpg')\">\n\t\t \t\t<div class=\"overlay\">\n\t\t\t\t\t<div class=\"et-member-social\">\n\t\t\t\t\t\t\t\t\t\t\t\t\t<a href=\"#\" class=\"facebook\" target=\"_blank\"><span class=\"et-icon et-facebook\"><\/span><\/a>\n\t\t\t\t\t\t\t\t\t\t\t\t\t\t\t\t\t\t\t<a href=\"#\" class=\"twitter\" target=\"_blank\"><span class=\"et-icon et-twitter\"><\/span><\/a>\n\t\t\t\t\t\t\t\t\t\t\t\t\t\t\t\t\t\t\t<a href=\"#\" class=\"pinterest\" target=\"_blank\"><span class=\"et-icon et-pinterest\"><\/span><\/a>\n\t\t\t\t\t\t\t\t\t\t\t\t\t\t\t\t\t\t\t<a href=\"#\" class=\"linkedin\" target=\"_blank\"><span class=\"et-icon et-linkedin\"><\/span><\/a>\n\t\t\t\t\t\t\t\t\t\t\t\t\t\t\t\t\t\t\t\t\t\t\t<\/div>\n\t\t\t\t<\/div>\n\t  \t<\/figure>\n\t\t<\/div>\n\t\t<div class=\"et-member-information\">\n\t\t\t\t\t\t\t<h5>Sebastian Alonso<\/h5>\n\t\t\t\t  \t\t  \t\t<p>Marketing<\/p>\n\t  \t  \t<\/div>\n\t<\/div>\n  [\/vc_column][vc_column width=&#8221;1\/4&#8243;]  <div class=\"et-team-member animation bottom-to-top\">\n  \t<div class=\"et-team-member-image default\">\n\t  \t<figure style=\"background-image:url('https:\/\/ndajeans.com\/wp-content\/uploads\/2020\/01\/women-turtleneck-b2.jpg')\">\n\t\t \t\t<div class=\"overlay\">\n\t\t\t\t\t<div class=\"et-member-social\">\n\t\t\t\t\t\t\t\t\t\t\t\t\t<a href=\"#\" class=\"facebook\" target=\"_blank\"><span class=\"et-icon et-facebook\"><\/span><\/a>\n\t\t\t\t\t\t\t\t\t\t\t\t\t\t\t\t\t\t\t<a href=\"#\" class=\"twitter\" target=\"_blank\"><span class=\"et-icon et-twitter\"><\/span><\/a>\n\t\t\t\t\t\t\t\t\t\t\t\t\t\t\t\t\t\t\t<a href=\"#\" class=\"pinterest\" target=\"_blank\"><span class=\"et-icon et-pinterest\"><\/span><\/a>\n\t\t\t\t\t\t\t\t\t\t\t\t\t\t\t\t\t\t\t<a href=\"#\" class=\"linkedin\" target=\"_blank\"><span class=\"et-icon et-linkedin\"><\/span><\/a>\n\t\t\t\t\t\t\t\t\t\t\t\t\t\t\t\t\t\t\t\t\t\t\t<\/div>\n\t\t\t\t<\/div>\n\t  \t<\/figure>\n\t\t<\/div>\n\t\t<div class=\"et-member-information\">\n\t\t\t\t\t\t\t<h5>Denisse MacDonnell<\/h5>\n\t\t\t\t  \t\t  \t\t<p>CEO<\/p>\n\t  \t  \t<\/div>\n\t<\/div>\n  [\/vc_column][\/vc_row]\n","protected":false},"excerpt":{"rendered":"<p>[vc_row et_full_width=&#8221;true&#8221; et_row_padding=&#8221;true&#8221; full_height=&#8221;yes&#8221; columns_placement=&#8221;stretch&#8221; equal_height=&#8221;yes&#8221; content_placement=&#8221;middle&#8221; css=&#8221;.vc_custom_1579973351197{padding-top: 80px !important;padding-bottom: 80px !important;background: #f4f4f4 url(https:\/\/goyacdn.everthemes.com\/assets\/demo\/content\/uploads\/sites\/3\/2020\/01\/banner-cashmere.jpg?id=3923) !important;background-position: center !important;background-repeat: no-repeat !important;background-size: cover !important;}&#8221; el_class=&#8221;video-bg-row&#8221;][vc_column][vc_row_inner et_max_width=&#8221;&#8221; equal_height=&#8221;yes&#8221; content_placement=&#8221;middle&#8221; css=&#8221;.vc_custom_1562734895463{background-position: center !important;background-repeat: no-repeat !important;background-size: cover !important;}&#8221;][vc_column_inner width=&#8221;1\/2&#8243; css=&#8221;.vc_custom_1562725835995{padding-top: 20% !important;padding-right: 20% !important;padding-bottom: 20% !important;padding-left: 20% !important;}&#8221;][vc_column_text animation=&#8221;animation bottom-to-top&#8221; css=&#8221;.vc_custom_1618850107968{margin-top: 30px !important;}&#8221;] Nuestros servicios Molder\u00eda,&hellip;<\/p>\n","protected":false},"author":1,"featured_media":0,"parent":0,"menu_order":0,"comment_status":"closed","ping_status":"closed","template":"","meta":[],"_links":{"self":[{"href":"https:\/\/ndajeans.com\/index.php\/wp-json\/wp\/v2\/pages\/4205"}],"collection":[{"href":"https:\/\/ndajeans.com\/index.php\/wp-json\/wp\/v2\/pages"}],"about":[{"href":"https:\/\/ndajeans.com\/index.php\/wp-json\/wp\/v2\/types\/page"}],"author":[{"embeddable":true,"href":"https:\/\/ndajeans.com\/index.php\/wp-json\/wp\/v2\/users\/1"}],"replies":[{"embeddable":true,"href":"https:\/\/ndajeans.com\/index.php\/wp-json\/wp\/v2\/comments?post=4205"}],"version-history":[{"count":1,"href":"https:\/\/ndajeans.com\/index.php\/wp-json\/wp\/v2\/pages\/4205\/revisions"}],"predecessor-version":[{"id":4206,"href":"https:\/\/ndajeans.com\/index.php\/wp-json\/wp\/v2\/pages\/4205\/revisions\/4206"}],"wp:attachment":[{"href":"https:\/\/ndajeans.com\/index.php\/wp-json\/wp\/v2\/media?parent=4205"}],"curies":[{"name":"wp","href":"https:\/\/api.w.org\/{rel}","templated":true}]}}