{"id":861,"date":"2019-04-12T03:24:27","date_gmt":"2019-04-12T03:24:27","guid":{"rendered":"https:\/\/goya.everthemes.com\/demo-fashion\/?page_id=861"},"modified":"2021-04-29T20:26:30","modified_gmt":"2021-04-29T20:26:30","slug":"home-classic","status":"publish","type":"page","link":"https:\/\/ndajeans.com\/","title":{"rendered":"Home &#8211; Classic"},"content":{"rendered":"[vc_row et_full_width=&#8221;true&#8221; et_row_padding=&#8221;true&#8221; et_column_align=&#8221;align-center&#8221; el_id=&#8221;main-slider-row&#8221;][vc_column]<div id=\"et-banner-slider-69fb3797c805a\" class=\"et-banner-slider slick slick-slider slick-controls-gray slick-dots-inside\" data-navigation=\"true\" data-pagination=\"true\" data-fade=\"true\" data-autoplay=\"true\" data-autoplay-speed=\"4000\" data-infinite=\"true\" data-pause=\"true\" data-columns=\"1\" >\r\n\t\t<div class=\"et-banner-69fb3797c8120 et-banner content-full  height_100 image-type-css text-color-dark hover-effect hover-zoom \"><div class=\"et-banner-image vh-height\" data-image=\"https:\/\/ndajeans.com\/wp-content\/uploads\/2021\/03\/AdobeStock_156896164-1.jpg\" style=\"background-image: url(https:\/\/ndajeans.com\/wp-content\/uploads\/2021\/03\/AdobeStock_156896164-1.jpg);\"><\/div>\r\n\t\t\t<div class=\"et-banner-content\">\r\n\t\t\t\t<div class=\"et-banner-content-inner container\">\r\n\t\t\t\t\t<div class=\"et-banner-text h_right v_center align_right\">\r\n\t\t\t\t\t\t<div class=\"et-banner-text-inner animated\" data-animate=\"et-fadeInUp\"><div class=\"et-banner-subtitle  color- tag_style\">Indumentaria de moda.<\/div><h2 class=\"et-banner-title color- xxlarge\">Fabricamos prendas de moda<\/h2><a href=\"http:\/\/ndajeans.com\/index.php\/contacto\/\" class=\"et-banner-link button et_btn link color- \">Contacto<\/a><\/div>\r\n\t\t\t\t\t<\/div>\r\n\t\t\t\t<\/div>\r\n\t\t\t<\/div>\r\n\t\t<\/div>\r\n\t\t<div class=\"et-banner-69fb3797c8968 et-banner content-full  height_100 image-type-css text-color-dark hover-effect hover-zoom \"><div class=\"et-banner-image vh-height\" data-image=\"https:\/\/ndajeans.com\/wp-content\/uploads\/2021\/03\/89103752_117134509880806_369058791624278016_n-scaled-1-scaled.jpg\" style=\"background-image: url(https:\/\/ndajeans.com\/wp-content\/uploads\/2021\/03\/89103752_117134509880806_369058791624278016_n-scaled-1-scaled.jpg);\"><\/div>\r\n\t\t\t<div class=\"et-banner-content\">\r\n\t\t\t\t<div class=\"et-banner-content-inner container\">\r\n\t\t\t\t\t<div class=\"et-banner-text h_left v_center align_left\">\r\n\t\t\t\t\t\t<div class=\"et-banner-text-inner animated\" data-animate=\"et-fadeInRight\"><div class=\"et-banner-subtitle  color- tag_style\">Colecci\u00f3n Invierno 2021<\/div><h2 class=\"et-banner-title color- xxlarge\">The Weekend Getaway<\/h2><a href=\"http:\/\/ndajeans.com\/index.php\/contacto\/\" class=\"et-banner-link button et_btn link color- \">Contacto<\/a><\/div>\r\n\t\t\t\t\t<\/div>\r\n\t\t\t\t<\/div>\r\n\t\t\t<\/div>\r\n\t\t<\/div><\/div>[\/vc_column][\/vc_row][vc_row et_full_width=&#8221;true&#8221; css=&#8221;.vc_custom_1617123081373{margin-top: 60px !important;margin-bottom: 60px !important;}&#8221;][vc_column][vc_row_inner et_column_align=&#8221;align-center&#8221; el_class=&#8221;align-center&#8221;][vc_column_inner el_class=&#8221;text-center&#8221; offset=&#8221;vc_col-lg-6 vc_col-md-9&#8243;][vc_column_text]\n<h2 style=\"text-align: center;\">NDA Interjeans<\/h2>\n<p style=\"text-align: center;\">Brindamos un servicio integral de fabricaci\u00f3n de prendas de moda que incluye desde el desarrollo de la molder\u00eda, el corte, confecci\u00f3n, lavado y acabado minucioso del producto acorde a las necesidades de cada cliente.<\/p>\n[\/vc_column_text][\/vc_column_inner][\/vc_row_inner]\t<div id=\"et-image-218\" class=\"et-image  full   et_image_link\">\n\t\t<div class=\"et-image-inner \">\n\t\t\t\t\t\t\t<div class=\"et-image-thumb \">\n\t\t\t\t\t<img width=\"2864\" height=\"1148\" src=\"https:\/\/ndajeans.com\/wp-content\/uploads\/2021\/03\/Captura-de-Pantalla-2021-03-30-a-las-13.38.02.png\" class=\"attachment-full size-full\" alt=\"\" loading=\"lazy\" srcset=\"https:\/\/ndajeans.com\/wp-content\/uploads\/2021\/03\/Captura-de-Pantalla-2021-03-30-a-las-13.38.02.png 2864w, https:\/\/ndajeans.com\/wp-content\/uploads\/2021\/03\/Captura-de-Pantalla-2021-03-30-a-las-13.38.02-300x120.png 300w, https:\/\/ndajeans.com\/wp-content\/uploads\/2021\/03\/Captura-de-Pantalla-2021-03-30-a-las-13.38.02-1024x410.png 1024w, https:\/\/ndajeans.com\/wp-content\/uploads\/2021\/03\/Captura-de-Pantalla-2021-03-30-a-las-13.38.02-768x308.png 768w, https:\/\/ndajeans.com\/wp-content\/uploads\/2021\/03\/Captura-de-Pantalla-2021-03-30-a-las-13.38.02-1536x616.png 1536w, https:\/\/ndajeans.com\/wp-content\/uploads\/2021\/03\/Captura-de-Pantalla-2021-03-30-a-las-13.38.02-2048x821.png 2048w, https:\/\/ndajeans.com\/wp-content\/uploads\/2021\/03\/Captura-de-Pantalla-2021-03-30-a-las-13.38.02-150x60.png 150w, https:\/\/ndajeans.com\/wp-content\/uploads\/2021\/03\/Captura-de-Pantalla-2021-03-30-a-las-13.38.02-600x241.png 600w, https:\/\/ndajeans.com\/wp-content\/uploads\/2021\/03\/Captura-de-Pantalla-2021-03-30-a-las-13.38.02-900x361.png 900w\" sizes=\"(max-width: 2864px) 100vw, 2864px\" \/>\t\t\t\t<\/div>\n\t\t\t\t\t\t\t\t\t\t\t<\/div>\n\t<\/div>\n  [vc_separator css=&#8221;.vc_custom_1617123728659{margin-top: 0px !important;margin-bottom: 30px !important;}&#8221;][\/vc_column][vc_column][vc_row_inner][vc_column_inner width=&#8221;1\/3&#8243;][vc_text_separator title=&#8221;Molder\u00eda&#8221; i_icon_fontawesome=&#8221;fas fa-tshirt&#8221; i_color=&#8221;custom&#8221; title_align=&#8221;separator_align_left&#8221; add_icon=&#8221;true&#8221; i_custom_color=&#8221;#002c84&#8243;][vc_column_text]Desarrollamos molder\u00edas a partir de prototipos, fotograf\u00edas o fichas t\u00e9cnicas. Ofrecemos soluciones a medida respaldados por tecnolog\u00eda moderna, focalizando la eficiencia y la calidad en cada desarrollo.[\/vc_column_text][\/vc_column_inner][vc_column_inner width=&#8221;1\/3&#8243;][vc_text_separator title=&#8221;Tejidos&#8221; i_icon_fontawesome=&#8221;fas fa-dice-five&#8221; i_color=&#8221;custom&#8221; title_align=&#8221;separator_align_left&#8221; add_icon=&#8221;true&#8221; i_custom_color=&#8221;#002c84&#8243;][vc_column_text]Trabajamos con los proveedores de tejidos m\u00e1s importantes del mercado local e internacional. Priorizamos las tendencias, la b\u00fasqueda de la perfecci\u00f3n, el desarrollo de productos exclusivos y bien diferenciados.[\/vc_column_text][\/vc_column_inner][vc_column_inner width=&#8221;1\/3&#8243;][vc_text_separator title=&#8221;Corte&#8221; i_icon_fontawesome=&#8221;fas fa-cut&#8221; i_color=&#8221;custom&#8221; title_align=&#8221;separator_align_left&#8221; add_icon=&#8221;true&#8221; i_custom_color=&#8221;#002c84&#8243;][vc_column_text]Contamos con un equipo de corte vers\u00e1til para los diferentes tipos de tejidos, maximizando la eficiencia y la productividad en funci\u00f3n de los requerimientos de cada proyecto.[\/vc_column_text][\/vc_column_inner][\/vc_row_inner][vc_row_inner][vc_column_inner width=&#8221;1\/3&#8243;][vc_text_separator title=&#8221;Confecci\u00f3n&#8221; i_icon_fontawesome=&#8221;fas fa-toilet-paper&#8221; i_color=&#8221;custom&#8221; title_align=&#8221;separator_align_left&#8221; add_icon=&#8221;true&#8221; i_custom_color=&#8221;#002c84&#8243;][vc_column_text]Confeccionamos con equipamiento automatizado de \u00faltima tecnolog\u00eda bajo eficientes m\u00e9todos de producci\u00f3n. Logramos agilidad y precisi\u00f3n, maximizando tiempos y vol\u00famenes con una gran versatilidad de productos.[\/vc_column_text][\/vc_column_inner][vc_column_inner width=&#8221;1\/3&#8243;][vc_text_separator title=&#8221;Lavado&#8221; i_icon_fontawesome=&#8221;fas fa-water&#8221; i_color=&#8221;custom&#8221; title_align=&#8221;separator_align_left&#8221; add_icon=&#8221;true&#8221; i_custom_color=&#8221;#002c84&#8243;][vc_column_text]Trabajamos priorizando nuevos acabados, desarrollo de procesos sustentables y las tendencias del mercado. Unimos la voluntad de innovar junto al compromiso de cuidado del medio ambiente.[\/vc_column_text][\/vc_column_inner][vc_column_inner width=&#8221;1\/3&#8243;][vc_text_separator title=&#8221;Terminaci\u00f3n&#8221; i_icon_fontawesome=&#8221;fas fa-poll-h&#8221; i_color=&#8221;custom&#8221; title_align=&#8221;separator_align_left&#8221; add_icon=&#8221;true&#8221; i_custom_color=&#8221;#002c84&#8243;][vc_column_text]Realizamos un minucioso acabado conforme a la cosm\u00e9tica de avios y su etiquetado, colgantes y c\u00f3digo de barras bajo las indicaciones de cada uno de los requerimientos.[\/vc_column_text][\/vc_column_inner][\/vc_row_inner][vc_separator css=&#8221;.vc_custom_1556305572662{margin-bottom: 0px !important;}&#8221;][\/vc_column][\/vc_row][vc_row css=&#8221;.vc_custom_1579111652347{margin-top: 60px !important;margin-bottom: 60px !important;}&#8221;][vc_column][vc_row_inner et_column_align=&#8221;align-center&#8221; el_class=&#8221;align-center&#8221;][vc_column_inner el_class=&#8221;text-center&#8221; offset=&#8221;vc_col-lg-6 vc_col-md-9&#8243;][vc_column_text]\n<h2 style=\"text-align: center;\">Visitanos<\/h2>\n<p style=\"text-align: center;\">Pase por nuestras producci\u00f3n para conocer las historias detr\u00e1s de nuestros productos, obtenga la mejor calidad.<\/p>\n[\/vc_column_text][\/vc_column_inner][\/vc_row_inner][vc_video link=&#8221;https:\/\/www.youtube.com\/watch?v=GPOvl-YI6v4&#8243;][\/vc_column][\/vc_row]\n","protected":false},"excerpt":{"rendered":"<p>[vc_row et_full_width=&#8221;true&#8221; et_row_padding=&#8221;true&#8221; et_column_align=&#8221;align-center&#8221; el_id=&#8221;main-slider-row&#8221;][vc_column][\/vc_column][\/vc_row][vc_row et_full_width=&#8221;true&#8221; css=&#8221;.vc_custom_1617123081373{margin-top: 60px !important;margin-bottom: 60px !important;}&#8221;][vc_column][vc_row_inner et_column_align=&#8221;align-center&#8221; el_class=&#8221;align-center&#8221;][vc_column_inner el_class=&#8221;text-center&#8221; offset=&#8221;vc_col-lg-6 vc_col-md-9&#8243;][vc_column_text] NDA Interjeans Brindamos un servicio integral de fabricaci\u00f3n de prendas de moda que incluye desde el desarrollo de la molder\u00eda, el corte, confecci\u00f3n, lavado y acabado minucioso del producto acorde a las necesidades de&hellip;<\/p>\n","protected":false},"author":1,"featured_media":0,"parent":0,"menu_order":0,"comment_status":"closed","ping_status":"closed","template":"","meta":[],"_links":{"self":[{"href":"https:\/\/ndajeans.com\/index.php\/wp-json\/wp\/v2\/pages\/861"}],"collection":[{"href":"https:\/\/ndajeans.com\/index.php\/wp-json\/wp\/v2\/pages"}],"about":[{"href":"https:\/\/ndajeans.com\/index.php\/wp-json\/wp\/v2\/types\/page"}],"author":[{"embeddable":true,"href":"https:\/\/ndajeans.com\/index.php\/wp-json\/wp\/v2\/users\/1"}],"replies":[{"embeddable":true,"href":"https:\/\/ndajeans.com\/index.php\/wp-json\/wp\/v2\/comments?post=861"}],"version-history":[{"count":48,"href":"https:\/\/ndajeans.com\/index.php\/wp-json\/wp\/v2\/pages\/861\/revisions"}],"predecessor-version":[{"id":4223,"href":"https:\/\/ndajeans.com\/index.php\/wp-json\/wp\/v2\/pages\/861\/revisions\/4223"}],"wp:attachment":[{"href":"https:\/\/ndajeans.com\/index.php\/wp-json\/wp\/v2\/media?parent=861"}],"curies":[{"name":"wp","href":"https:\/\/api.w.org\/{rel}","templated":true}]}}